{"id":7682,"date":"2025-09-08T14:27:07","date_gmt":"2025-09-08T13:27:07","guid":{"rendered":"https:\/\/kunzel.de\/?page_id=7682"},"modified":"2025-09-08T14:27:59","modified_gmt":"2025-09-08T13:27:59","slug":"impressum","status":"publish","type":"page","link":"https:\/\/kunzel.de\/en\/impressum\/","title":{"rendered":"Impressum"},"content":{"rendered":"\n<div class=\"wp-block-columns is-layout-flex wp-container-core-columns-is-layout-9d6595d7 wp-block-columns-is-layout-flex\">\n<div class=\"wp-block-column is-layout-flow wp-block-column-is-layout-flow\" style=\"flex-basis:66.66%\">\n<p><strong>K\u00fcnzel Maschinenbau GmbH<\/strong><br>Industriestra\u00dfe 7<br>D-95336&nbsp; Mainleus&nbsp; (Kulmbach)<br>Telefon:&nbsp;&nbsp;&nbsp;&nbsp;&nbsp;+49 (0)9229 \/ 88-0<br>Telefax:&nbsp;&nbsp;&nbsp;&nbsp;&nbsp;+49 (0) 9229 \/ 88-185<br>E-mail:&nbsp;&nbsp;&nbsp;&nbsp;&nbsp;&nbsp;&nbsp;<a href=\"mailto:info@kuenzel.cc?subject=kontakt%20homepage\">info@kuenzel.cc<\/a><\/p>\n\n\n\n<p><strong>Gesch\u00e4ftsf\u00fchrer:<\/strong><br><strong>Sascha M\u00fcller, Thomas Rutka<\/strong><\/p>\n\n\n\n<p class=\"no-margin\">Registergericht: Amtsgericht Bayreuth<br>Registernummer: HRB 3202<br>Umsatzsteuer-Identifikationsnummer gem\u00e4\u00df Umsatzsteuergesetz:<br>DE 812 899 653<br>Inhaltlich Verantwortlicher gem\u00e4\u00df \u00a7 10 Absatz 3 MDStV:<br>\u00a0<strong>Sascha M\u00fcller, Thomas Rutka<\/strong>\u00a0(Anschrift wie oben)<br><br><br><strong>KONZEPT\/DESIGN<\/strong><br>Crush Design and Creative Marketing Ltd, UK<\/p>\n\n\n\n<p class=\"no-margin\"><a href=\"mailto:studio@crush-design.co.uk\">studio@crush-design.co.uk<\/a><\/p>\n\n\n\n<p><a href=\"https:\/\/www.crush-design.co.uk\/\">crush-design.co.uk<\/a><\/p>\n<\/div>\n\n\n\n<div class=\"wp-block-column is-layout-flow wp-block-column-is-layout-flow\" style=\"flex-basis:33.33%\"><\/div>\n<\/div>\n","protected":false},"excerpt":{"rendered":"<p>K\u00fcnzel Maschinenbau GmbHIndustriestra\u00dfe 7D-95336&nbsp; Mainleus&nbsp; (Kulmbach)Telefon:&nbsp;&nbsp;&nbsp;&nbsp;&nbsp;+49 (0)9229 \/ 88-0Telefax:&nbsp;&nbsp;&nbsp;&nbsp;&nbsp;+49 (0) 9229 \/ 88-185E-mail:&nbsp;&nbsp;&nbsp;&nbsp;&nbsp;&nbsp;&nbsp;info@kuenzel.cc Gesch\u00e4ftsf\u00fchrer:Sascha M\u00fcller, Thomas Rutka Registergericht: Amtsgericht BayreuthRegisternummer: HRB 3202Umsatzsteuer-Identifikationsnummer gem\u00e4\u00df Umsatzsteuergesetz:DE 812 [&hellip;]<\/p>\n","protected":false},"author":1,"featured_media":0,"parent":0,"menu_order":0,"comment_status":"closed","ping_status":"closed","template":"templates\/simple-page.php","meta":{"footnotes":""},"class_list":["post-7682","page","type-page","status-publish","hentry"],"yoast_head":"<!-- This site is optimized with the Yoast SEO plugin v25.8 - https:\/\/yoast.com\/wordpress\/plugins\/seo\/ -->\n<title>Impressum - K\u00fcnzel<\/title>\n<meta name=\"robots\" content=\"index, follow, max-snippet:-1, max-image-preview:large, max-video-preview:-1\" \/>\n<link rel=\"canonical\" href=\"https:\/\/kunzel.de\/en\/impressum\/\" \/>\n<meta property=\"og:locale\" content=\"en_GB\" \/>\n<meta property=\"og:type\" content=\"article\" \/>\n<meta property=\"og:title\" content=\"Impressum - K\u00fcnzel\" \/>\n<meta property=\"og:description\" content=\"K\u00fcnzel Maschinenbau GmbHIndustriestra\u00dfe 7D-95336&nbsp; Mainleus&nbsp; (Kulmbach)Telefon:&nbsp;&nbsp;&nbsp;&nbsp;&nbsp;+49 (0)9229 \/ 88-0Telefax:&nbsp;&nbsp;&nbsp;&nbsp;&nbsp;+49 (0) 9229 \/ 88-185E-mail:&nbsp;&nbsp;&nbsp;&nbsp;&nbsp;&nbsp;&nbsp;info@kuenzel.cc Gesch\u00e4ftsf\u00fchrer:Sascha M\u00fcller, Thomas Rutka Registergericht: Amtsgericht BayreuthRegisternummer: HRB 3202Umsatzsteuer-Identifikationsnummer gem\u00e4\u00df Umsatzsteuergesetz:DE 812 [&hellip;]\" \/>\n<meta property=\"og:url\" content=\"https:\/\/kunzel.de\/en\/impressum\/\" \/>\n<meta property=\"og:site_name\" content=\"K\u00fcnzel\" \/>\n<meta property=\"article:modified_time\" content=\"2025-09-08T13:27:59+00:00\" \/>\n<meta property=\"og:image\" content=\"https:\/\/kunzel.de\/wp-content\/uploads\/2023\/11\/Default-Site-Image.jpg\" \/>\n\t<meta property=\"og:image:width\" content=\"1200\" \/>\n\t<meta property=\"og:image:height\" content=\"675\" \/>\n\t<meta property=\"og:image:type\" content=\"image\/jpeg\" \/>\n<meta name=\"twitter:card\" content=\"summary_large_image\" \/>\n<meta name=\"twitter:label1\" content=\"Estimated reading time\" \/>\n\t<meta name=\"twitter:data1\" content=\"1 minute\" \/>\n<!-- \/ Yoast SEO plugin. -->","yoast_head_json":{"title":"Impressum - K\u00fcnzel","robots":{"index":"index","follow":"follow","max-snippet":"max-snippet:-1","max-image-preview":"max-image-preview:large","max-video-preview":"max-video-preview:-1"},"canonical":"https:\/\/kunzel.de\/en\/impressum\/","og_locale":"en_GB","og_type":"article","og_title":"Impressum - K\u00fcnzel","og_description":"K\u00fcnzel Maschinenbau GmbHIndustriestra\u00dfe 7D-95336&nbsp; Mainleus&nbsp; (Kulmbach)Telefon:&nbsp;&nbsp;&nbsp;&nbsp;&nbsp;+49 (0)9229 \/ 88-0Telefax:&nbsp;&nbsp;&nbsp;&nbsp;&nbsp;+49 (0) 9229 \/ 88-185E-mail:&nbsp;&nbsp;&nbsp;&nbsp;&nbsp;&nbsp;&nbsp;info@kuenzel.cc Gesch\u00e4ftsf\u00fchrer:Sascha M\u00fcller, Thomas Rutka Registergericht: Amtsgericht BayreuthRegisternummer: HRB 3202Umsatzsteuer-Identifikationsnummer gem\u00e4\u00df Umsatzsteuergesetz:DE 812 [&hellip;]","og_url":"https:\/\/kunzel.de\/en\/impressum\/","og_site_name":"K\u00fcnzel","article_modified_time":"2025-09-08T13:27:59+00:00","og_image":[{"width":1200,"height":675,"url":"https:\/\/kunzel.de\/wp-content\/uploads\/2023\/11\/Default-Site-Image.jpg","type":"image\/jpeg"}],"twitter_card":"summary_large_image","twitter_misc":{"Estimated reading time":"1 minute"},"schema":{"@context":"https:\/\/schema.org","@graph":[{"@type":"WebPage","@id":"https:\/\/kunzel.de\/impressum\/","url":"https:\/\/kunzel.de\/impressum\/","name":"Impressum - K\u00fcnzel","isPartOf":{"@id":"https:\/\/kunzel.de\/#website"},"datePublished":"2025-09-08T13:27:07+00:00","dateModified":"2025-09-08T13:27:59+00:00","breadcrumb":{"@id":"https:\/\/kunzel.de\/impressum\/#breadcrumb"},"inLanguage":"en-GB","potentialAction":[{"@type":"ReadAction","target":["https:\/\/kunzel.de\/impressum\/"]}]},{"@type":"BreadcrumbList","@id":"https:\/\/kunzel.de\/impressum\/#breadcrumb","itemListElement":[{"@type":"ListItem","position":1,"name":"Home","item":"https:\/\/kunzel.de\/"},{"@type":"ListItem","position":2,"name":"Impressum"}]},{"@type":"WebSite","@id":"https:\/\/kunzel.de\/#website","url":"https:\/\/kunzel.de\/","name":"K\u00fcnzel","description":"Global Leaders of Processing Engineering","potentialAction":[{"@type":"SearchAction","target":{"@type":"EntryPoint","urlTemplate":"https:\/\/kunzel.de\/?s={search_term_string}"},"query-input":{"@type":"PropertyValueSpecification","valueRequired":true,"valueName":"search_term_string"}}],"inLanguage":"en-GB"}]}},"_links":{"self":[{"href":"https:\/\/kunzel.de\/en\/wp-json\/wp\/v2\/pages\/7682","targetHints":{"allow":["GET"]}}],"collection":[{"href":"https:\/\/kunzel.de\/en\/wp-json\/wp\/v2\/pages"}],"about":[{"href":"https:\/\/kunzel.de\/en\/wp-json\/wp\/v2\/types\/page"}],"author":[{"embeddable":true,"href":"https:\/\/kunzel.de\/en\/wp-json\/wp\/v2\/users\/1"}],"replies":[{"embeddable":true,"href":"https:\/\/kunzel.de\/en\/wp-json\/wp\/v2\/comments?post=7682"}],"version-history":[{"count":2,"href":"https:\/\/kunzel.de\/en\/wp-json\/wp\/v2\/pages\/7682\/revisions"}],"predecessor-version":[{"id":7687,"href":"https:\/\/kunzel.de\/en\/wp-json\/wp\/v2\/pages\/7682\/revisions\/7687"}],"wp:attachment":[{"href":"https:\/\/kunzel.de\/en\/wp-json\/wp\/v2\/media?parent=7682"}],"curies":[{"name":"wp","href":"https:\/\/api.w.org\/{rel}","templated":true}]}}