{"id":3060,"date":"2023-08-17T17:08:08","date_gmt":"2023-08-17T16:08:08","guid":{"rendered":"http:\/\/kunzel.de\/?page_id=3060"},"modified":"2025-08-28T11:44:08","modified_gmt":"2025-08-28T10:44:08","slug":"terms-of-use","status":"publish","type":"page","link":"https:\/\/kunzel.de\/en\/terms-of-use\/","title":{"rendered":"Terms of Use"},"content":{"rendered":"\n<section class=\"wp-block-group\"><div class=\"wp-block-group__inner-container is-layout-constrained wp-block-group-is-layout-constrained\">\n<div class=\"wp-block-group\"><div class=\"wp-block-group__inner-container is-layout-constrained wp-block-group-is-layout-constrained\">\n<div class=\"wp-block-columns is-layout-flex wp-container-core-columns-is-layout-9d6595d7 wp-block-columns-is-layout-flex\">\n<div class=\"wp-block-column is-layout-flow wp-block-column-is-layout-flow\" style=\"flex-basis:66.66%\">\n<p>Access to and use of this site is provided by K\u00fcnzel, subject to the following terms and conditions. Please read these terms and conditions carefully. They are important. \u201cWe\u201d and \u201cus\u201d means K\u00fcnzel, its Affiliates or Parent company, CIMC Enric Tanks &amp; Process B.V. \u00a0and \u201cyou\u201d means the user (\u201cUser\u201d).<\/p>\n\n\n\n<div style=\"height:20px\" aria-hidden=\"true\" class=\"wp-block-spacer\"><\/div>\n<\/div>\n\n\n\n<div class=\"wp-block-column is-layout-flow wp-block-column-is-layout-flow\" style=\"flex-basis:33.33%\"><\/div>\n<\/div>\n\n\n\n<div class=\"wp-block-columns gap-100 is-layout-flex wp-container-core-columns-is-layout-9d6595d7 wp-block-columns-is-layout-flex\">\n<div class=\"wp-block-column is-layout-flow wp-block-column-is-layout-flow\">\n<p>All information and data are provided for informational purposes only and is protected by copyright. No part of this website may be reproduced or transmitted by any means, electronic, mechanical, (including photocopying), recording or by any information storage and retrieval system without prior written permission from K\u00fcnzel, the copyright owners. K\u00fcnzel website is published and maintained by K\u00fcnzel.<\/p>\n\n\n\n<p>This site may contains links to external sites. K\u00fcnzel\u00a0is not responsible for, and has no control over, the content of such sites. Information on this site, or available via hypertext link from this site, is made available without responsibility on the part of K\u00fcnzel. K\u00fcnzel disclaims any and all responsibility and liability (including negligence) in relation to any information received, obtained directly or indirectly on or accessible from this site.<\/p>\n\n\n\n<p>By accessing this site, you agree that you will not copy, reproduce, save, distribute, republish, download, display, publicly perform, post or transmit in any form or by any means any material provided on this Site (\u201cMaterial\u201d). By exception, \u00a0you may print out one copy of any part of the Material for your own personal, non-commercial use only, provided you do not modify it or remove any copyright or proprietary notices and full proper reference is provided including K\u00fcnzel as the source.<\/p>\n\n\n\n<p>You will not create links to any part of the site and you may only create links to the homepage after they have been approved by K\u00fcnzel. Your permission to use the\u00a0site terminates automatically if you breach any of the terms and if that happens you must immediately destroy any and all copies made directly or indirectly of the Material. You represent, warrant and undertake that you will not cause or permit anything to be done that may infringe or damage any intellectual property rights of K\u00fcnzel. By using this site you agree to indemnify K\u00fcnzel in full against any and all loss or damage caused by User\u2019s use of the site.<\/p>\n<\/div>\n\n\n\n<div class=\"wp-block-column is-layout-flow wp-block-column-is-layout-flow\">\n<p>The literary, artistic and\/or musical copyright in the Materials on the site and files, graphics, devices, code, links and all other aspects of it are either owned by us or by a third party that has licensed to us. All database rights in the Materials for their selection or arrangement belongs to us exclusively.<\/p>\n\n\n\n<p>The trademarks and logos (\u201cTrademarks\u201d) used and displayed on this Site are registered (and unregistered) trademarks of K\u00fcnzel and may not be used for any advertising or other publicity materials without the prior written consent of the Trademark owner. Any unauthorised use of any Material on the site will breach copyright laws and may also breach trademark laws and the laws of privacy.<\/p>\n\n\n\n<p>We cannot be certain that all the Material on the site at any time will comply with all laws of every country in the world and we cannot accept responsibility to you for any such breach. No variation to these Terms other than the variations notified by us shall be binding unless in writing and signed by us.<\/p>\n<\/div>\n<\/div>\n<\/div><\/div>\n<\/div><\/section>\n","protected":false},"excerpt":{"rendered":"<p>Access to and use of this site is provided by K\u00fcnzel, subject to the following terms and conditions. Please read these terms and conditions carefully. [&hellip;]<\/p>\n","protected":false},"author":1,"featured_media":0,"parent":0,"menu_order":0,"comment_status":"closed","ping_status":"closed","template":"templates\/simple-page.php","meta":{"footnotes":""},"class_list":["post-3060","page","type-page","status-publish","hentry"],"yoast_head":"<!-- This site is optimized with the Yoast SEO plugin v25.8 - https:\/\/yoast.com\/wordpress\/plugins\/seo\/ -->\n<title>Terms of Use | K\u00fcnzel<\/title>\n<meta name=\"description\" content=\"Please read our Terms of Use conditions carefully, outlining all the important rules and guidelines users must follow to access our website.\" \/>\n<meta name=\"robots\" content=\"index, follow, max-snippet:-1, max-image-preview:large, max-video-preview:-1\" \/>\n<link rel=\"canonical\" href=\"https:\/\/kunzel.de\/en\/terms-of-use\/\" \/>\n<meta property=\"og:locale\" content=\"en_GB\" \/>\n<meta property=\"og:type\" content=\"article\" \/>\n<meta property=\"og:title\" content=\"Terms of Use | K\u00fcnzel\" \/>\n<meta property=\"og:description\" content=\"Please read our Terms of Use conditions carefully, outlining all the important rules and guidelines users must follow to access our website.\" \/>\n<meta property=\"og:url\" content=\"https:\/\/kunzel.de\/en\/terms-of-use\/\" \/>\n<meta property=\"og:site_name\" content=\"K\u00fcnzel\" \/>\n<meta property=\"article:modified_time\" content=\"2025-08-28T10:44:08+00:00\" \/>\n<meta property=\"og:image\" content=\"https:\/\/kunzel.de\/wp-content\/uploads\/2023\/11\/Default-Site-Image.jpg\" \/>\n\t<meta property=\"og:image:width\" content=\"1200\" \/>\n\t<meta property=\"og:image:height\" content=\"675\" \/>\n\t<meta property=\"og:image:type\" content=\"image\/jpeg\" \/>\n<meta name=\"twitter:card\" content=\"summary_large_image\" \/>\n<meta name=\"twitter:label1\" content=\"Estimated reading time\" \/>\n\t<meta name=\"twitter:data1\" content=\"3 minutes\" \/>\n<!-- \/ Yoast SEO plugin. -->","yoast_head_json":{"title":"Terms of Use | K\u00fcnzel","description":"Please read our Terms of Use conditions carefully, outlining all the important rules and guidelines users must follow to access our website.","robots":{"index":"index","follow":"follow","max-snippet":"max-snippet:-1","max-image-preview":"max-image-preview:large","max-video-preview":"max-video-preview:-1"},"canonical":"https:\/\/kunzel.de\/en\/terms-of-use\/","og_locale":"en_GB","og_type":"article","og_title":"Terms of Use | K\u00fcnzel","og_description":"Please read our Terms of Use conditions carefully, outlining all the important rules and guidelines users must follow to access our website.","og_url":"https:\/\/kunzel.de\/en\/terms-of-use\/","og_site_name":"K\u00fcnzel","article_modified_time":"2025-08-28T10:44:08+00:00","og_image":[{"width":1200,"height":675,"url":"https:\/\/kunzel.de\/wp-content\/uploads\/2023\/11\/Default-Site-Image.jpg","type":"image\/jpeg"}],"twitter_card":"summary_large_image","twitter_misc":{"Estimated reading time":"3 minutes"},"schema":{"@context":"https:\/\/schema.org","@graph":[{"@type":"WebPage","@id":"https:\/\/kunzel.de\/terms-of-use\/","url":"https:\/\/kunzel.de\/terms-of-use\/","name":"Terms of Use | K\u00fcnzel","isPartOf":{"@id":"https:\/\/kunzel.de\/#website"},"datePublished":"2023-08-17T16:08:08+00:00","dateModified":"2025-08-28T10:44:08+00:00","description":"Please read our Terms of Use conditions carefully, outlining all the important rules and guidelines users must follow to access our website.","breadcrumb":{"@id":"https:\/\/kunzel.de\/terms-of-use\/#breadcrumb"},"inLanguage":"en-GB","potentialAction":[{"@type":"ReadAction","target":["https:\/\/kunzel.de\/terms-of-use\/"]}]},{"@type":"BreadcrumbList","@id":"https:\/\/kunzel.de\/terms-of-use\/#breadcrumb","itemListElement":[{"@type":"ListItem","position":1,"name":"Home","item":"https:\/\/kunzel.de\/"},{"@type":"ListItem","position":2,"name":"Terms of Use"}]},{"@type":"WebSite","@id":"https:\/\/kunzel.de\/#website","url":"https:\/\/kunzel.de\/","name":"K\u00fcnzel","description":"Global Leaders of Processing Engineering","potentialAction":[{"@type":"SearchAction","target":{"@type":"EntryPoint","urlTemplate":"https:\/\/kunzel.de\/?s={search_term_string}"},"query-input":{"@type":"PropertyValueSpecification","valueRequired":true,"valueName":"search_term_string"}}],"inLanguage":"en-GB"}]}},"_links":{"self":[{"href":"https:\/\/kunzel.de\/en\/wp-json\/wp\/v2\/pages\/3060","targetHints":{"allow":["GET"]}}],"collection":[{"href":"https:\/\/kunzel.de\/en\/wp-json\/wp\/v2\/pages"}],"about":[{"href":"https:\/\/kunzel.de\/en\/wp-json\/wp\/v2\/types\/page"}],"author":[{"embeddable":true,"href":"https:\/\/kunzel.de\/en\/wp-json\/wp\/v2\/users\/1"}],"replies":[{"embeddable":true,"href":"https:\/\/kunzel.de\/en\/wp-json\/wp\/v2\/comments?post=3060"}],"version-history":[{"count":0,"href":"https:\/\/kunzel.de\/en\/wp-json\/wp\/v2\/pages\/3060\/revisions"}],"wp:attachment":[{"href":"https:\/\/kunzel.de\/en\/wp-json\/wp\/v2\/media?parent=3060"}],"curies":[{"name":"wp","href":"https:\/\/api.w.org\/{rel}","templated":true}]}}