{"id":7172,"date":"2025-08-20T15:18:47","date_gmt":"2025-08-20T14:18:47","guid":{"rendered":"http:\/\/kunzel.de\/?page_id=7172"},"modified":"2025-08-28T11:47:27","modified_gmt":"2025-08-28T10:47:27","slug":"whistleblower-protection-act","status":"publish","type":"page","link":"https:\/\/kunzel.de\/de\/whistleblower-protection-act\/","title":{"rendered":"Whistleblower-Schutzgesetz"},"content":{"rendered":"<div class=\"wp-block-columns is-layout-flex wp-container-core-columns-is-layout-9d6595d7 wp-block-columns-is-layout-flex\">\n<div class=\"wp-block-column is-layout-flow wp-block-column-is-layout-flow\" style=\"flex-basis:66.66%\">\n<p>Das Gesetz zum Schutz von Hinweisgebern ist am 2. Juli 2023 in Kraft getreten. Dieses Gesetz regelt den Schutz von nat\u00fcrlichen Personen, die im Zusammenhang mit ihrer beruflichen T\u00e4tigkeit oder im Vorfeld einer beruflichen T\u00e4tigkeit Informationen \u00fcber Verst\u00f6\u00dfe erlangt haben und diese bei den in diesem Gesetz vorgesehenen Meldestellen melden oder offenlegen.<\/p>\n\n\n\n<p>Wir nutzen ein digitales Hinweisgebersystem, um die M\u00f6glichkeit zu bieten, Verst\u00f6\u00dfe gegen Gesetze, Vorschriften oder ethische Standards innerhalb unseres Unternehmens sicher und vertraulich zu melden. Dadurch wird der Schutz von Hinweisgebern gem\u00e4\u00df dem Whistleblower Protection Act gew\u00e4hrleistet. Die Meldungen k\u00f6nnen \u00fcber das von Ziemann Holvrieka K\u00fcnzel verwendete Meldesystem \"Integrity Line\" eingereicht werden. Um auf das Meldesystem zuzugreifen bitte klicken Sie&nbsp;<a href=\"https:\/\/ziemannholvrieka.integrityline.com\/\">hier<\/a>.<\/p>\n<\/div>\n\n\n\n<div class=\"wp-block-column is-layout-flow wp-block-column-is-layout-flow\" style=\"flex-basis:33.33%\"><\/div>\n<\/div>","protected":false},"excerpt":{"rendered":"<p>The Whistleblower Protection Act came into force on July 2, 2023. This law regulates the protection of natural persons who have obtained information about violations [&hellip;]<\/p>","protected":false},"author":1,"featured_media":0,"parent":0,"menu_order":0,"comment_status":"closed","ping_status":"closed","template":"templates\/simple-page.php","meta":{"footnotes":""},"class_list":["post-7172","page","type-page","status-publish","hentry"],"yoast_head":"<!-- This site is optimized with the Yoast SEO plugin v25.8 - https:\/\/yoast.com\/wordpress\/plugins\/seo\/ -->\n<title>Whistleblower Protection Act | K\u00fcnzel<\/title>\n<meta name=\"description\" content=\"The Whistleblower Protection Act is an important law to us, regulating and enabling us to report obstructions of the law.\" \/>\n<meta name=\"robots\" content=\"index, follow, max-snippet:-1, max-image-preview:large, max-video-preview:-1\" \/>\n<link rel=\"canonical\" href=\"https:\/\/kunzel.de\/de\/whistleblower-protection-act\/\" \/>\n<meta property=\"og:locale\" content=\"de_DE\" \/>\n<meta property=\"og:type\" content=\"article\" \/>\n<meta property=\"og:title\" content=\"Whistleblower Protection Act | K\u00fcnzel\" \/>\n<meta property=\"og:description\" content=\"The Whistleblower Protection Act is an important law to us, regulating and enabling us to report obstructions of the law.\" \/>\n<meta property=\"og:url\" content=\"https:\/\/kunzel.de\/de\/whistleblower-protection-act\/\" \/>\n<meta property=\"og:site_name\" content=\"K\u00fcnzel\" \/>\n<meta property=\"article:modified_time\" content=\"2025-08-28T10:47:27+00:00\" \/>\n<meta property=\"og:image\" content=\"https:\/\/kunzel.de\/wp-content\/uploads\/2023\/11\/Default-Site-Image.jpg\" \/>\n\t<meta property=\"og:image:width\" content=\"1200\" \/>\n\t<meta property=\"og:image:height\" content=\"675\" \/>\n\t<meta property=\"og:image:type\" content=\"image\/jpeg\" \/>\n<meta name=\"twitter:card\" content=\"summary_large_image\" \/>\n<meta name=\"twitter:label1\" content=\"Gesch\u00e4tzte Lesezeit\" \/>\n\t<meta name=\"twitter:data1\" content=\"1\u00a0Minute\" \/>\n<!-- \/ Yoast SEO plugin. -->","yoast_head_json":{"title":"Whistleblower Protection Act | K\u00fcnzel","description":"The Whistleblower Protection Act is an important law to us, regulating and enabling us to report obstructions of the law.","robots":{"index":"index","follow":"follow","max-snippet":"max-snippet:-1","max-image-preview":"max-image-preview:large","max-video-preview":"max-video-preview:-1"},"canonical":"https:\/\/kunzel.de\/de\/whistleblower-protection-act\/","og_locale":"de_DE","og_type":"article","og_title":"Whistleblower Protection Act | K\u00fcnzel","og_description":"The Whistleblower Protection Act is an important law to us, regulating and enabling us to report obstructions of the law.","og_url":"https:\/\/kunzel.de\/de\/whistleblower-protection-act\/","og_site_name":"K\u00fcnzel","article_modified_time":"2025-08-28T10:47:27+00:00","og_image":[{"width":1200,"height":675,"url":"https:\/\/kunzel.de\/wp-content\/uploads\/2023\/11\/Default-Site-Image.jpg","type":"image\/jpeg"}],"twitter_card":"summary_large_image","twitter_misc":{"Gesch\u00e4tzte Lesezeit":"1\u00a0Minute"},"schema":{"@context":"https:\/\/schema.org","@graph":[{"@type":"WebPage","@id":"https:\/\/kunzel.de\/whistleblower-protection-act\/","url":"https:\/\/kunzel.de\/whistleblower-protection-act\/","name":"Whistleblower Protection Act | K\u00fcnzel","isPartOf":{"@id":"https:\/\/kunzel.de\/#website"},"datePublished":"2025-08-20T14:18:47+00:00","dateModified":"2025-08-28T10:47:27+00:00","description":"The Whistleblower Protection Act is an important law to us, regulating and enabling us to report obstructions of the law.","breadcrumb":{"@id":"https:\/\/kunzel.de\/whistleblower-protection-act\/#breadcrumb"},"inLanguage":"de","potentialAction":[{"@type":"ReadAction","target":["https:\/\/kunzel.de\/whistleblower-protection-act\/"]}]},{"@type":"BreadcrumbList","@id":"https:\/\/kunzel.de\/whistleblower-protection-act\/#breadcrumb","itemListElement":[{"@type":"ListItem","position":1,"name":"Home","item":"https:\/\/kunzel.de\/"},{"@type":"ListItem","position":2,"name":"Whistleblower Protection Act"}]},{"@type":"WebSite","@id":"https:\/\/kunzel.de\/#website","url":"https:\/\/kunzel.de\/","name":"K\u00fcnzel","description":"Weltweit f\u00fchrende Unternehmen der Verfahrenstechnik","potentialAction":[{"@type":"SearchAction","target":{"@type":"EntryPoint","urlTemplate":"https:\/\/kunzel.de\/?s={search_term_string}"},"query-input":{"@type":"PropertyValueSpecification","valueRequired":true,"valueName":"search_term_string"}}],"inLanguage":"de"}]}},"_links":{"self":[{"href":"https:\/\/kunzel.de\/de\/wp-json\/wp\/v2\/pages\/7172","targetHints":{"allow":["GET"]}}],"collection":[{"href":"https:\/\/kunzel.de\/de\/wp-json\/wp\/v2\/pages"}],"about":[{"href":"https:\/\/kunzel.de\/de\/wp-json\/wp\/v2\/types\/page"}],"author":[{"embeddable":true,"href":"https:\/\/kunzel.de\/de\/wp-json\/wp\/v2\/users\/1"}],"replies":[{"embeddable":true,"href":"https:\/\/kunzel.de\/de\/wp-json\/wp\/v2\/comments?post=7172"}],"version-history":[{"count":0,"href":"https:\/\/kunzel.de\/de\/wp-json\/wp\/v2\/pages\/7172\/revisions"}],"wp:attachment":[{"href":"https:\/\/kunzel.de\/de\/wp-json\/wp\/v2\/media?parent=7172"}],"curies":[{"name":"wp","href":"https:\/\/api.w.org\/{rel}","templated":true}]}}