{"id":6247,"date":"2024-08-30T10:57:11","date_gmt":"2024-08-30T09:57:11","guid":{"rendered":"http:\/\/kunzel.de\/?page_id=6247"},"modified":"2025-09-08T14:36:25","modified_gmt":"2025-09-08T13:36:25","slug":"privacy-statement","status":"publish","type":"page","link":"https:\/\/kunzel.de\/de\/privacy-statement\/","title":{"rendered":"Erkl\u00e4rung zum Datenschutz"},"content":{"rendered":"<div class=\"wp-block-columns is-layout-flex wp-container-core-columns-is-layout-9d6595d7 wp-block-columns-is-layout-flex\">\n<div class=\"wp-block-column is-layout-flow wp-block-column-is-layout-flow\" style=\"flex-basis:66.66%\">\n<h3 class=\"wp-block-heading has-theme-secondary-text-color has-text-color\">Diese Richtlinie ist f\u00fcr Dritte, Kunden oder potenzielle Kunden, Auftragnehmer oder Lieferanten bestimmt. In dieser Richtlinie wird dargelegt, wie K\u00fcnzel seinen gesetzlichen Verpflichtungen in Bezug auf die in seinem Besitz befindlichen personenbezogenen\/sensiblen Daten nachkommen wird.<\/h3>\n\n\n\n<p>Nach der \u00dcbernahme durch CIMC Liquid Process Technology ist K\u00fcnzel Teil einer globalen Organisation (\"CLPT Group\"), und wir k\u00f6nnen Ihre personenbezogenen Daten in einer CRM-Datenbank (Customer Relationship Management) speichern, insbesondere wenn Sie ein Kunde oder potenzieller Kunde sind.<\/p>\n\n\n\n<p>K\u00fcnzel ist ein f\u00fcr die Datenverarbeitung Verantwortlicher im Sinne der Europ\u00e4ischen Datenschutzgrundverordnung (DSGVO).<\/p>\n\n\n\n<p>In dieser Richtlinie wird dargelegt, wie Ihre Daten auf rechtm\u00e4\u00dfige, faire und transparente Weise verarbeitet werden.<\/p>\n\n\n\n<div style=\"height:20px\" aria-hidden=\"true\" class=\"wp-block-spacer\"><\/div>\n<\/div>\n\n\n\n<div class=\"wp-block-column is-layout-flow wp-block-column-is-layout-flow\" style=\"flex-basis:33.33%\"><\/div>\n<\/div>\n\n\n\n<div class=\"wp-block-columns gap-100 is-layout-flex wp-container-core-columns-is-layout-9d6595d7 wp-block-columns-is-layout-flex\">\n<div class=\"wp-block-column is-layout-flow wp-block-column-is-layout-flow\">\n<h4 class=\"wp-block-heading has-theme-secondary-text-color has-text-color\"><strong>Warum wir Informationen speichern und wof\u00fcr sie verwendet werden<\/strong><\/h4>\n\n\n\n<p>K\u00fcnzel verkauft, vermietet oder verleiht keine pers\u00f6nlichen Daten an Dritte.<\/p>\n\n\n\n<p>Wir speichern bestimmte personenbezogene Daten, damit wir mit Ihnen kommunizieren und unsere Beziehung verwalten k\u00f6nnen. Manchmal ben\u00f6tigen wir diese Informationen, um sicherzustellen, dass K\u00fcnzel seinen gesetzlichen und vertraglichen Verpflichtungen Ihnen gegen\u00fcber nachkommt, damit K\u00fcnzel Sie zum Beispiel zum richtigen Zeitpunkt bezahlen kann.<\/p>\n\n\n\n<p>Wir erheben Daten w\u00e4hrend unseres Due-Diligence-Prozesses, wenn Sie einen unserer Projektstandorte besuchen oder in unsere B\u00fcros kommen. Wir tun dies aus den unten genannten Gr\u00fcnden:<\/p>\n\n\n\n<ul class=\"wp-block-list\">\n<li>So k\u00f6nnen wir unsere Gesch\u00e4fte mit Ihnen abwickeln, Ihre Beziehung, die damit verbundenen Konten und Unterlagen einrichten, verwalten und managen;<\/li>\n\n\n\n<li>Zur Einhaltung von Vorschriften und rechtlichen Verpflichtungen;<\/li>\n\n\n\n<li>um die lebenswichtigen Interessen einer Person zu sch\u00fctzen; oder<\/li>\n\n\n\n<li>Zur Wahrung der berechtigten Interessen des f\u00fcr die Verarbeitung Verantwortlichen oder eines Dritten, sofern die Interessen, Rechte und Freiheiten der betroffenen Person nicht \u00fcberwiegen<\/li>\n<\/ul>\n\n\n\n<h4 class=\"wp-block-heading has-theme-secondary-text-color has-text-color\"><strong>Rechtm\u00e4\u00dfiger Grund<\/strong><\/h4>\n\n\n\n<p class=\"has-theme-black-color has-text-color\">Das Datenschutzgesetz verlangt von uns, dass wir personenbezogene Daten auf faire und rechtm\u00e4\u00dfige Weise verarbeiten.  Das bedeutet, dass wir einen \"rechtm\u00e4\u00dfigen Grund\" f\u00fcr die Verarbeitung personenbezogener Daten aus einer Liste haben m\u00fcssen, die in der Gesetzgebung festgelegt ist.<\/p>\n\n\n\n<h4 class=\"wp-block-heading has-theme-secondary-text-color has-text-color\"><strong>Welche pers\u00f6nlichen Informationen wir haben<\/strong><\/h4>\n\n\n\n<p class=\"has-theme-black-color has-text-color\">Wir erfassen Ihre personenbezogenen Daten, wenn Sie unsere Formulare ausf\u00fcllen, durch die Verwendung von Online-Formularen, wenn Sie uns Ihre Kontaktdaten mitteilen und wenn Sie uns Ihre Daten per E-Mail zusenden. Wir speichern auch Daten \u00fcber die Transaktionen, die Sie mit uns durchf\u00fchren.<\/p>\n\n\n\n<p>Beispiele f\u00fcr Daten (\"personenbezogene Daten\"), die erhoben, gespeichert und verarbeitet werden, sind:<\/p>\n\n\n\n<ul class=\"wp-block-list\">\n<li>Vorname, Nachname<\/li>\n\n\n\n<li>Berufsbezeichnung<\/li>\n\n\n\n<li>Standort der Firma \/ des B\u00fcros, Adresse, Postleitzahl<\/li>\n\n\n\n<li>Name des Unternehmens<\/li>\n\n\n\n<li>E-Mail-Adressen<\/li>\n\n\n\n<li>Telefonnummern (Festnetz, Handy)<\/li>\n\n\n\n<li>Website-Verhalten (\u00fcber Cookies)<\/li>\n<\/ul>\n\n\n\n<h4 class=\"wp-block-heading has-theme-secondary-text-color has-text-color\"><strong>\u00dcberpr\u00fcfung<\/strong><\/h4>\n\n\n\n<p>Das Gesetz schreibt vor, dass wir nur die Informationen speichern, die wir ben\u00f6tigen, und dass wir sie nur f\u00fcr die in dieser Richtlinie genannten Zwecke verwenden.  Unserer Ansicht nach sind alle oben genannten Informationen f\u00fcr diese Zwecke erforderlich.<\/p>\n\n\n\n<p>Wir werden die von uns gespeicherten Informationen einmal im ersten Jahr und danach alle zwei Jahre \u00fcberpr\u00fcfen, um festzustellen, ob sie f\u00fcr die in dieser Richtlinie dargelegten Zwecke weiterhin erforderlich sind.<\/p>\n\n\n\n<h4 class=\"wp-block-heading has-theme-secondary-text-color has-text-color\"><strong>Mit wem wir personenbezogene Daten teilen werden<\/strong><\/h4>\n\n\n\n<p>Wir k\u00f6nnen Ihre personenbezogenen Daten an einen der folgenden Empf\u00e4nger weitergeben;<\/p>\n\n\n\n<ul class=\"wp-block-list\">\n<li>Unternehmen innerhalb der CLPT-Gruppe (einschlie\u00dflich ihrer Mitarbeiter und Subunternehmer), die uns bei der Erbringung der Dienstleistungen unterst\u00fctzen oder die anderweitig von diesen Informationen Kenntnis haben m\u00fcssen;<\/li>\n\n\n\n<li>Dritte oder andere Berater, die unsere Gesch\u00e4fte pr\u00fcfen oder die zum Zwecke unserer Beratung Zugang zu diesen Informationen haben m\u00fcssen;<\/li>\n\n\n\n<li>Kunden, mit denen wir Vertr\u00e4ge \u00fcber die Lieferung von Waren oder die Erbringung von Dienstleistungen an ihren Standorten abgeschlossen haben, und in \u00dcbereinstimmung mit den Gesundheits- und Sicherheitsvorschriften (Personen, die die Standorte besuchen, erhalten einen individuellen Datenschutzhinweis)<\/li>\n\n\n\n<li>Strafverfolgungs- oder Aufsichtsbeh\u00f6rden, die berechtigterweise Zugang zu Ihren personenbezogenen Daten ben\u00f6tigen; oder<\/li>\n\n\n\n<li>Im Falle des Verkaufs oder Kaufs eines Unternehmens, von Verm\u00f6genswerten oder Anteilen ganz oder teilweise k\u00f6nnen wir Ihre personenbezogenen Daten an die beteiligten Dritten weitergeben.<\/li>\n<\/ul>\n\n\n\n<h4 class=\"wp-block-heading has-theme-secondary-text-color has-text-color\"><strong>\u00dcbermittlung von Daten ins Ausland<\/strong><\/h4>\n\n\n\n<p>Wenn personenbezogene Daten in ein anderes Land oder Gebiet au\u00dferhalb des EWR \u00fcbermittelt werden, m\u00fcssen wir sicherstellen, dass sie angemessen gesch\u00fctzt werden.<\/p>\n\n\n\n<p>Wenn wir gebeten werden, die \u00dcbermittlung von Daten in L\u00e4nder au\u00dferhalb des EWR zu genehmigen, z. B. wenn Dritte ihre Dienstleistungen von einem B\u00fcro au\u00dferhalb des EWR aus erbringen wollen, bitten wir um Informationen \u00fcber die Sicherheitsvorkehrungen, die der Empf\u00e4nger auf die \u00fcbermittelten personenbezogenen Daten anwenden wird, und stellen sicher, dass ein geeigneter Mechanismus zum Schutz der personenbezogenen Daten w\u00e4hrend und nach der \u00dcbermittlung vorhanden ist, z. B. Standardvertragsklauseln.  Wir \u00fcbermitteln personenbezogene Daten erst dann, wenn die entsprechenden Kontrollen durchgef\u00fchrt wurden.<\/p>\n\n\n\n<p>Wenn wir neue Datenverarbeiter beauftragen, werden wir zu Beginn der Beauftragung pr\u00fcfen, ob die Art ihrer T\u00e4tigkeit die \u00dcbermittlung personenbezogener Daten au\u00dferhalb des EWR erfordert und wenn ja, auf welchen Mechanismen die \u00dcbermittlung beruht.  Wir werden den neuen Datenverarbeitern keine personenbezogenen Daten zur Verf\u00fcgung stellen, bevor wir nicht die Best\u00e4tigung erhalten haben, dass zufriedenstellende Datenschutzma\u00dfnahmen vorhanden sind.<\/p>\n<\/div>\n\n\n\n<div class=\"wp-block-column is-layout-flow wp-block-column-is-layout-flow\">\n<h4 class=\"wp-block-heading has-theme-secondary-text-color has-text-color\"><strong>Internationale rechtliche Anforderungen<\/strong><\/h4>\n\n\n\n<p>Als Teil einer globalen Organisation ist K\u00fcnzel bestrebt, sich der internationalen Datenschutzgesetze bewusst zu sein, einschlie\u00dflich, aber nicht beschr\u00e4nkt auf die General Data Protection Regulation, den NY Sheild Act, die mexikanischen Datenschutzgesetze und andere globale Datenschutzstandards.<\/p>\n\n\n\n<h4 class=\"wp-block-heading has-theme-secondary-text-color has-text-color\"><strong>Informationen aufbewahren<\/strong><\/h4>\n\n\n\n<p>Wir bewahren Ihre Daten nicht l\u00e4nger als n\u00f6tig auf. Diese Zeitspanne ist f\u00fcr jede Art von personenbezogenen Daten, die wir aufbewahren, unterschiedlich lang. Wir werden unsere Aufbewahrungsfristen st\u00e4ndig \u00fcberpr\u00fcfen.<\/p>\n\n\n\n<h4 class=\"wp-block-heading has-theme-secondary-text-color has-text-color\"><strong>Rekrutierung<\/strong><\/h4>\n\n\n\n<p>Bei K\u00fcnzel nehmen wir den Datenschutz sehr ernst. Wir ben\u00f6tigen Ihre Daten, damit wir Ihnen hervorragende Personaldienstleistungen anbieten k\u00f6nnen. Der Schutz Ihrer Daten und die Achtung Ihrer Privatsph\u00e4re sind jedoch von grundlegender Bedeutung, um Ihr Vertrauen zu erhalten.<\/p>\n\n\n\n<p>Wir m\u00fcssen einige Ihrer pers\u00f6nlichen Daten einholen und verwenden, damit wir sie nutzen k\u00f6nnen:<\/p>\n\n\n\n<ul class=\"wp-block-list\">\n<li>Einstellung und Bindung der besten Mitarbeiter;<\/li>\n\n\n\n<li>Verwalten Sie Ihre Arbeitsbeziehung mit K\u00fcnzel und f\u00fchren Sie unser Gesch\u00e4ft auf die bestm\u00f6gliche Weise;<\/li>\n\n\n\n<li>Sie, das Unternehmen und unser Verm\u00f6gen zu sch\u00fctzen; und<\/li>\n\n\n\n<li>Zur Einhaltung unserer Richtlinien sowie rechtlicher und beh\u00f6rdlicher Verpflichtungen.<\/li>\n<\/ul>\n\n\n\n<p>Wir werden stets angemessene Ma\u00dfnahmen ergreifen, um Ihre pers\u00f6nlichen Daten vertraulich, sicher und gesch\u00fctzt zu halten, auch wenn wir sie an unsere vertrauensw\u00fcrdigen Manager weitergeben m\u00fcssen.<\/p>\n\n\n\n<h4 class=\"wp-block-heading has-theme-secondary-text-color has-text-color\"><strong>Was die Vernichtung von Daten bedeutet:<\/strong><\/h4>\n\n\n\n<p>Werden die Daten in Papierform aufbewahrt, bedeutet Vernichtung, dass die Daten geschreddert oder zur Vernichtung an vertrauliche Abf\u00e4lle \u00fcbergeben werden.<\/p>\n\n\n\n<p>Werden Daten in elektronischer Form gespeichert, bedeutet Vernichtung, dass die Daten endg\u00fcltig au\u00dfer Gebrauch gesetzt werden.<\/p>\n\n\n\n<p>Werden die Daten von Dritten aufbewahrt, so verlassen wir uns auf deren Best\u00e4tigung, dass die Daten ordnungsgem\u00e4\u00df vernichtet wurden.<\/p>\n\n\n\n<p>Sie k\u00f6nnen Ihre pers\u00f6nlichen Daten jederzeit aktualisieren, indem Sie uns unter Verwendung der am Anfang dieses Dokuments angegebenen Daten kontaktieren.<\/p>\n\n\n\n<p>Antr\u00e4ge auf Zugang zu Ihren pers\u00f6nlichen Daten sind kostenlos.<\/p>\n\n\n\n<h4 class=\"wp-block-heading has-theme-secondary-text-color has-text-color\"><strong>Recht auf Vergessenwerden und Recht auf Einschr\u00e4nkung der Verarbeitung<\/strong><\/h4>\n\n\n\n<p>Eine Person kann unter bestimmten Umst\u00e4nden die L\u00f6schung ihrer personenbezogenen Daten \"ohne unangemessene Verz\u00f6gerung\" beantragen, u. a. wenn sie f\u00fcr den\/die in diesem Hinweis genannten Zweck(e) nicht mehr ben\u00f6tigt werden.<\/p>\n\n\n\n<p>Sie k\u00f6nnen von uns verlangen, dass wir die Verarbeitung Ihrer personenbezogenen Daten einstellen, wenn die betreffende Person beispielsweise die Richtigkeit der Daten bestreitet.<\/p>\n\n\n\n<h4 class=\"wp-block-heading has-theme-secondary-text-color has-text-color\"><strong>Sicherheit<\/strong><\/h4>\n\n\n\n<p>Wir verwenden eine Reihe von Methoden, um sicherzustellen, dass alle personenbezogenen Daten vertraulich bleiben.<\/p>\n\n\n\n<h4 class=\"wp-block-heading has-theme-secondary-text-color has-text-color\"><strong>Reklamation<\/strong><\/h4>\n\n\n\n<p>Wenn Sie Fragen, Kommentare oder Bedenken bez\u00fcglich Ihrer pers\u00f6nlichen Daten und deren Verarbeitung durch K\u00fcnzel haben, z\u00f6gern Sie bitte nicht, uns zu kontaktieren.<\/p>\n<\/div>\n<\/div>","protected":false},"excerpt":{"rendered":"<p>This policy is for the use of third parties, clients, or prospective clients, contractors or suppliers. This policy sets out the approach K\u00fcnzel will take [&hellip;]<\/p>","protected":false},"author":1,"featured_media":0,"parent":0,"menu_order":0,"comment_status":"closed","ping_status":"closed","template":"templates\/simple-page.php","meta":{"footnotes":""},"class_list":["post-6247","page","type-page","status-publish","hentry"],"yoast_head":"<!-- This site is optimized with the Yoast SEO plugin v25.8 - https:\/\/yoast.com\/wordpress\/plugins\/seo\/ -->\n<title>Privacy Statement | K\u00fcnzel<\/title>\n<meta name=\"description\" content=\"This policy sets out the approach K\u00fcnzel will take to comply with its legal obligations in relation to personal\/sensitive data that it holds.\" \/>\n<meta name=\"robots\" content=\"index, follow, max-snippet:-1, max-image-preview:large, max-video-preview:-1\" \/>\n<link rel=\"canonical\" href=\"https:\/\/kunzel.de\/de\/privacy-statement\/\" \/>\n<meta property=\"og:locale\" content=\"de_DE\" \/>\n<meta property=\"og:type\" content=\"article\" \/>\n<meta property=\"og:title\" content=\"Privacy Statement | K\u00fcnzel\" \/>\n<meta property=\"og:description\" content=\"This policy sets out the approach K\u00fcnzel will take to comply with its legal obligations in relation to personal\/sensitive data that it holds.\" \/>\n<meta property=\"og:url\" content=\"https:\/\/kunzel.de\/de\/privacy-statement\/\" \/>\n<meta property=\"og:site_name\" content=\"K\u00fcnzel\" \/>\n<meta property=\"article:modified_time\" content=\"2025-09-08T13:36:25+00:00\" \/>\n<meta property=\"og:image\" content=\"https:\/\/kunzel.de\/wp-content\/uploads\/2023\/11\/Default-Site-Image.jpg\" \/>\n\t<meta property=\"og:image:width\" content=\"1200\" \/>\n\t<meta property=\"og:image:height\" content=\"675\" \/>\n\t<meta property=\"og:image:type\" content=\"image\/jpeg\" \/>\n<meta name=\"twitter:card\" content=\"summary_large_image\" \/>\n<meta name=\"twitter:label1\" content=\"Gesch\u00e4tzte Lesezeit\" \/>\n\t<meta name=\"twitter:data1\" content=\"6\u00a0Minuten\" \/>\n<!-- \/ Yoast SEO plugin. -->","yoast_head_json":{"title":"Privacy Statement | K\u00fcnzel","description":"This policy sets out the approach K\u00fcnzel will take to comply with its legal obligations in relation to personal\/sensitive data that it holds.","robots":{"index":"index","follow":"follow","max-snippet":"max-snippet:-1","max-image-preview":"max-image-preview:large","max-video-preview":"max-video-preview:-1"},"canonical":"https:\/\/kunzel.de\/de\/privacy-statement\/","og_locale":"de_DE","og_type":"article","og_title":"Privacy Statement | K\u00fcnzel","og_description":"This policy sets out the approach K\u00fcnzel will take to comply with its legal obligations in relation to personal\/sensitive data that it holds.","og_url":"https:\/\/kunzel.de\/de\/privacy-statement\/","og_site_name":"K\u00fcnzel","article_modified_time":"2025-09-08T13:36:25+00:00","og_image":[{"width":1200,"height":675,"url":"https:\/\/kunzel.de\/wp-content\/uploads\/2023\/11\/Default-Site-Image.jpg","type":"image\/jpeg"}],"twitter_card":"summary_large_image","twitter_misc":{"Gesch\u00e4tzte Lesezeit":"6\u00a0Minuten"},"schema":{"@context":"https:\/\/schema.org","@graph":[{"@type":"WebPage","@id":"https:\/\/kunzel.de\/privacy-statement\/","url":"https:\/\/kunzel.de\/privacy-statement\/","name":"Privacy Statement | K\u00fcnzel","isPartOf":{"@id":"https:\/\/kunzel.de\/#website"},"datePublished":"2024-08-30T09:57:11+00:00","dateModified":"2025-09-08T13:36:25+00:00","description":"This policy sets out the approach K\u00fcnzel will take to comply with its legal obligations in relation to personal\/sensitive data that it holds.","breadcrumb":{"@id":"https:\/\/kunzel.de\/privacy-statement\/#breadcrumb"},"inLanguage":"de","potentialAction":[{"@type":"ReadAction","target":["https:\/\/kunzel.de\/privacy-statement\/"]}]},{"@type":"BreadcrumbList","@id":"https:\/\/kunzel.de\/privacy-statement\/#breadcrumb","itemListElement":[{"@type":"ListItem","position":1,"name":"Home","item":"https:\/\/kunzel.de\/"},{"@type":"ListItem","position":2,"name":"Privacy Statement"}]},{"@type":"WebSite","@id":"https:\/\/kunzel.de\/#website","url":"https:\/\/kunzel.de\/","name":"K\u00fcnzel","description":"Weltweit f\u00fchrende Unternehmen der Verfahrenstechnik","potentialAction":[{"@type":"SearchAction","target":{"@type":"EntryPoint","urlTemplate":"https:\/\/kunzel.de\/?s={search_term_string}"},"query-input":{"@type":"PropertyValueSpecification","valueRequired":true,"valueName":"search_term_string"}}],"inLanguage":"de"}]}},"_links":{"self":[{"href":"https:\/\/kunzel.de\/de\/wp-json\/wp\/v2\/pages\/6247","targetHints":{"allow":["GET"]}}],"collection":[{"href":"https:\/\/kunzel.de\/de\/wp-json\/wp\/v2\/pages"}],"about":[{"href":"https:\/\/kunzel.de\/de\/wp-json\/wp\/v2\/types\/page"}],"author":[{"embeddable":true,"href":"https:\/\/kunzel.de\/de\/wp-json\/wp\/v2\/users\/1"}],"replies":[{"embeddable":true,"href":"https:\/\/kunzel.de\/de\/wp-json\/wp\/v2\/comments?post=6247"}],"version-history":[{"count":3,"href":"https:\/\/kunzel.de\/de\/wp-json\/wp\/v2\/pages\/6247\/revisions"}],"predecessor-version":[{"id":7692,"href":"https:\/\/kunzel.de\/de\/wp-json\/wp\/v2\/pages\/6247\/revisions\/7692"}],"wp:attachment":[{"href":"https:\/\/kunzel.de\/de\/wp-json\/wp\/v2\/media?parent=6247"}],"curies":[{"name":"wp","href":"https:\/\/api.w.org\/{rel}","templated":true}]}}