{"id":3646,"date":"2023-09-08T16:20:38","date_gmt":"2023-09-08T15:20:38","guid":{"rendered":"http:\/\/kunzel.de\/?page_id=3646"},"modified":"2025-12-18T13:16:56","modified_gmt":"2025-12-18T13:16:56","slug":"leadership-team","status":"publish","type":"page","link":"https:\/\/kunzel.de\/de\/leadership-team\/","title":{"rendered":"F\u00fchrungsteam"},"content":{"rendered":"<div class=\"wp-block-group\"><div class=\"wp-block-group__inner-container is-layout-constrained wp-block-group-is-layout-constrained\">\n<div class=\"wp-block-group container\"><div class=\"wp-block-group__inner-container is-layout-constrained wp-block-group-is-layout-constrained\">\n<h2 class=\"wp-block-heading h4 section-heading\" id=\"h-board-of-directors\">Vorstand<\/h2>\n\n\n\n<div class=\"wp-block-columns gap-100 is-layout-flex wp-container-core-columns-is-layout-9d6595d7 wp-block-columns-is-layout-flex\">\n<div class=\"wp-block-column is-layout-flow wp-block-column-is-layout-flow\">\n<div class=\"wp-block-group leadership-team-block\"><div class=\"wp-block-group__inner-container is-layout-constrained wp-block-group-is-layout-constrained\">\n<div class=\"wp-block-cover is-light\"><img loading=\"lazy\" decoding=\"async\" width=\"2560\" height=\"1704\" class=\"wp-block-cover__image-background wp-image-8670 size-full\" alt=\"\" src=\"http:\/\/kunzel.de\/wp-content\/uploads\/2025\/12\/1-scaled.jpg\" data-object-fit=\"cover\" srcset=\"https:\/\/kunzel.de\/wp-content\/uploads\/2025\/12\/1-scaled.jpg 2560w, https:\/\/kunzel.de\/wp-content\/uploads\/2025\/12\/1-300x200.jpg 300w, https:\/\/kunzel.de\/wp-content\/uploads\/2025\/12\/1-1024x682.jpg 1024w, https:\/\/kunzel.de\/wp-content\/uploads\/2025\/12\/1-768x511.jpg 768w, https:\/\/kunzel.de\/wp-content\/uploads\/2025\/12\/1-1536x1022.jpg 1536w, https:\/\/kunzel.de\/wp-content\/uploads\/2025\/12\/1-2048x1363.jpg 2048w, https:\/\/kunzel.de\/wp-content\/uploads\/2025\/12\/1-18x12.jpg 18w, https:\/\/kunzel.de\/wp-content\/uploads\/2025\/12\/1-600x399.jpg 600w, https:\/\/kunzel.de\/wp-content\/uploads\/2025\/12\/1-1200x799.jpg 1200w, https:\/\/kunzel.de\/wp-content\/uploads\/2025\/12\/1-1920x1278.jpg 1920w\" sizes=\"auto, (max-width: 2560px) 100vw, 2560px\" \/><span aria-hidden=\"true\" class=\"wp-block-cover__background has-background-dim-0 has-background-dim\" style=\"background-color:#cac4bd\"><\/span><div class=\"wp-block-cover__inner-container is-layout-constrained wp-block-cover-is-layout-constrained\">\n<p class=\"has-text-align-center has-large-font-size\"><\/p>\n<\/div><\/div>\n\n\n\n<div style=\"height:15px\" aria-hidden=\"true\" class=\"wp-block-spacer\"><\/div>\n\n\n\n<h4 class=\"wp-block-heading small-margin\" id=\"h-klaus-gehrig\"><strong>Sascha M\u00fcller<\/strong><\/h4>\n\n\n\n<p class=\"team-role has-theme-secondary-color has-text-color\">Chief Financial Officer (CFO) &amp; Chief Commercial Officer (CCO) der K\u00fcnzel Maschinenbau GmbH<\/p>\n\n\n\n<p>Sascha M\u00fcller verf\u00fcgt \u00fcber hervorragende Erfahrungen und Kompetenzen aus \u00fcber 35 Jahren im internationalen Maschinen- und Anlagenbau. Seit Anfang 2020 ist er Teil der Gesch\u00e4ftf\u00fchrung der K\u00fcnzel Maschinenbau GmbH und tr\u00e4gt seitdem f\u00fcr die kontinuierliche Entwicklung des Unternehmens bei. Mit seiner ausgepr\u00e4gten Vertriebsaffinit\u00e4t leitet Sascha M\u00fcller neben dem Finanzbereich unter anderem die Bereiche Vertrieb und After Sales Services und tr\u00e4gt somit ma\u00dfgeblich zur strategischen Entwickung des Unternehmens bei.<\/p>\n\n\n\n<div style=\"height:70px\" aria-hidden=\"true\" class=\"wp-block-spacer\"><\/div>\n<\/div><\/div>\n<\/div>\n\n\n\n<div class=\"wp-block-column is-layout-flow wp-block-column-is-layout-flow\">\n<div class=\"wp-block-group leadership-team-block\"><div class=\"wp-block-group__inner-container is-layout-constrained wp-block-group-is-layout-constrained\">\n<div class=\"wp-block-cover is-light\"><img loading=\"lazy\" decoding=\"async\" width=\"2560\" height=\"1704\" class=\"wp-block-cover__image-background wp-image-8671 size-full\" alt=\"\" src=\"http:\/\/kunzel.de\/wp-content\/uploads\/2025\/12\/2-scaled.jpg\" data-object-fit=\"cover\" srcset=\"https:\/\/kunzel.de\/wp-content\/uploads\/2025\/12\/2-scaled.jpg 2560w, https:\/\/kunzel.de\/wp-content\/uploads\/2025\/12\/2-300x200.jpg 300w, https:\/\/kunzel.de\/wp-content\/uploads\/2025\/12\/2-1024x682.jpg 1024w, https:\/\/kunzel.de\/wp-content\/uploads\/2025\/12\/2-768x511.jpg 768w, https:\/\/kunzel.de\/wp-content\/uploads\/2025\/12\/2-1536x1022.jpg 1536w, https:\/\/kunzel.de\/wp-content\/uploads\/2025\/12\/2-2048x1363.jpg 2048w, https:\/\/kunzel.de\/wp-content\/uploads\/2025\/12\/2-18x12.jpg 18w, https:\/\/kunzel.de\/wp-content\/uploads\/2025\/12\/2-600x399.jpg 600w, https:\/\/kunzel.de\/wp-content\/uploads\/2025\/12\/2-1200x799.jpg 1200w, https:\/\/kunzel.de\/wp-content\/uploads\/2025\/12\/2-1920x1278.jpg 1920w\" sizes=\"auto, (max-width: 2560px) 100vw, 2560px\" \/><span aria-hidden=\"true\" class=\"wp-block-cover__background has-background-dim-0 has-background-dim\" style=\"background-color:#d4ccc6\"><\/span><div class=\"wp-block-cover__inner-container is-layout-constrained wp-block-cover-is-layout-constrained\">\n<p class=\"has-text-align-center has-large-font-size\"><\/p>\n<\/div><\/div>\n\n\n\n<div style=\"height:15px\" aria-hidden=\"true\" class=\"wp-block-spacer\"><\/div>\n\n\n\n<h4 class=\"wp-block-heading small-margin\" id=\"h-florian-schneider\"><strong>Thomas Rutka<\/strong><\/h4>\n\n\n\n<p class=\"team-role has-theme-secondary-color has-text-color\"><small>Chief Operating Office (COO) der K\u00fcnzel Maschinenbau GmbH<\/small><\/p>\n\n\n\n<p>Thomas Rutka ist seit \u00fcber 40 Jahren in der Brauindustrie t\u00e4tig. Er verf\u00fcgt \u00fcber umfassende Erfahrung im globalen Brauereianlagenbau und hat sich in F\u00fchrungspositionen im In- und Ausland fundierte Kenntnisse angeeignet.<\/p>\n\n\n\n<p>Sein Wissen und Verst\u00e4ndnis f\u00fcr Projektmanagement und seine F\u00e4higkeit, interne Prozesse zu verstehen und zu optimieren, bilden die bestm\u00f6gliche Grundlage f\u00fcr ein professionelles Auftragsmanagement und die strukturelle Weiterentwicklung der K\u00fcnzel Maschinenbau GmbH. Thomas Rutka ist insbesondere f\u00fcr die Bereiche Projektmanagement, Auftragsabwicklung, Engineering &amp; Design, Einkauf, Fertigung, Logistik und Qualit\u00e4tsmanagement verantwortlich.<\/p>\n<\/div><\/div>\n\n\n\n<div style=\"height:70px\" aria-hidden=\"true\" class=\"wp-block-spacer\"><\/div>\n<\/div>\n<\/div>\n<\/div><\/div>\n<\/div><\/div>","protected":false},"excerpt":{"rendered":"<p>Vorstand Sascha M\u00fcller Chief Financial Officer (CFO) &amp; Chief Commercial Officer (CCO) der K\u00fcnzel Maschinenbau GmbH Sascha M\u00fcller verf\u00fcgt \u00fcber 35 Jahre Erfahrung in der [...]<\/p>","protected":false},"author":1,"featured_media":7257,"parent":0,"menu_order":0,"comment_status":"closed","ping_status":"closed","template":"templates\/leadership-team.php","meta":{"footnotes":""},"class_list":["post-3646","page","type-page","status-publish","has-post-thumbnail","hentry"],"yoast_head":"<!-- This site is optimized with the Yoast SEO plugin v25.8 - https:\/\/yoast.com\/wordpress\/plugins\/seo\/ -->\n<title>Leadership Team | K\u00fcnzel<\/title>\n<meta name=\"description\" content=\"Our leadership team includes engineers and professionals with a proven track-record of delivering global projects and sustainable solutions.\" \/>\n<meta name=\"robots\" content=\"index, follow, max-snippet:-1, max-image-preview:large, max-video-preview:-1\" \/>\n<link rel=\"canonical\" href=\"https:\/\/kunzel.de\/de\/leadership-team\/\" \/>\n<meta property=\"og:locale\" content=\"de_DE\" \/>\n<meta property=\"og:type\" content=\"article\" \/>\n<meta property=\"og:title\" content=\"Leadership Team | K\u00fcnzel\" \/>\n<meta property=\"og:description\" content=\"Our leadership team includes engineers and professionals with a proven track-record of delivering global projects and sustainable solutions.\" \/>\n<meta property=\"og:url\" content=\"https:\/\/kunzel.de\/de\/leadership-team\/\" \/>\n<meta property=\"og:site_name\" content=\"K\u00fcnzel\" \/>\n<meta property=\"article:modified_time\" content=\"2025-12-18T13:16:56+00:00\" \/>\n<meta property=\"og:image\" content=\"http:\/\/kunzel.de\/wp-content\/uploads\/2025\/08\/Kunzel-homepage2.jpg\" \/>\n\t<meta property=\"og:image:width\" content=\"1932\" \/>\n\t<meta property=\"og:image:height\" content=\"1288\" \/>\n\t<meta property=\"og:image:type\" content=\"image\/jpeg\" \/>\n<meta name=\"twitter:card\" content=\"summary_large_image\" \/>\n<meta name=\"twitter:label1\" content=\"Gesch\u00e4tzte Lesezeit\" \/>\n\t<meta name=\"twitter:data1\" content=\"2\u00a0Minuten\" \/>\n<!-- \/ Yoast SEO plugin. -->","yoast_head_json":{"title":"F\u00fchrungsteam | K\u00fcnzel","description":"Unser F\u00fchrungsteam besteht aus Ingenieuren und Fachleuten mit einer nachgewiesenen Erfolgsbilanz bei der Durchf\u00fchrung von globalen Projekten und nachhaltigen L\u00f6sungen.","robots":{"index":"index","follow":"follow","max-snippet":"max-snippet:-1","max-image-preview":"max-image-preview:large","max-video-preview":"max-video-preview:-1"},"canonical":"https:\/\/kunzel.de\/de\/leadership-team\/","og_locale":"de_DE","og_type":"article","og_title":"Leadership Team | K\u00fcnzel","og_description":"Our leadership team includes engineers and professionals with a proven track-record of delivering global projects and sustainable solutions.","og_url":"https:\/\/kunzel.de\/de\/leadership-team\/","og_site_name":"K\u00fcnzel","article_modified_time":"2025-12-18T13:16:56+00:00","og_image":[{"width":1932,"height":1288,"url":"http:\/\/kunzel.de\/wp-content\/uploads\/2025\/08\/Kunzel-homepage2.jpg","type":"image\/jpeg"}],"twitter_card":"summary_large_image","twitter_misc":{"Gesch\u00e4tzte Lesezeit":"2\u00a0Minuten"},"schema":{"@context":"https:\/\/schema.org","@graph":[{"@type":"WebPage","@id":"https:\/\/kunzel.de\/leadership-team\/","url":"https:\/\/kunzel.de\/leadership-team\/","name":"F\u00fchrungsteam | K\u00fcnzel","isPartOf":{"@id":"https:\/\/kunzel.de\/#website"},"primaryImageOfPage":{"@id":"https:\/\/kunzel.de\/leadership-team\/#primaryimage"},"image":{"@id":"https:\/\/kunzel.de\/leadership-team\/#primaryimage"},"thumbnailUrl":"https:\/\/kunzel.de\/wp-content\/uploads\/2025\/08\/Kunzel-homepage2.jpg","datePublished":"2023-09-08T15:20:38+00:00","dateModified":"2025-12-18T13:16:56+00:00","description":"Unser F\u00fchrungsteam besteht aus Ingenieuren und Fachleuten mit einer nachgewiesenen Erfolgsbilanz bei der Durchf\u00fchrung von globalen Projekten und nachhaltigen L\u00f6sungen.","breadcrumb":{"@id":"https:\/\/kunzel.de\/leadership-team\/#breadcrumb"},"inLanguage":"de","potentialAction":[{"@type":"ReadAction","target":["https:\/\/kunzel.de\/leadership-team\/"]}]},{"@type":"ImageObject","inLanguage":"de","@id":"https:\/\/kunzel.de\/leadership-team\/#primaryimage","url":"https:\/\/kunzel.de\/wp-content\/uploads\/2025\/08\/Kunzel-homepage2.jpg","contentUrl":"https:\/\/kunzel.de\/wp-content\/uploads\/2025\/08\/Kunzel-homepage2.jpg","width":1932,"height":1288,"caption":"kunzel brewing equipment"},{"@type":"BreadcrumbList","@id":"https:\/\/kunzel.de\/leadership-team\/#breadcrumb","itemListElement":[{"@type":"ListItem","position":1,"name":"Home","item":"https:\/\/kunzel.de\/"},{"@type":"ListItem","position":2,"name":"Leadership Team"}]},{"@type":"WebSite","@id":"https:\/\/kunzel.de\/#website","url":"https:\/\/kunzel.de\/","name":"K\u00fcnzel","description":"Weltweit f\u00fchrende Unternehmen der Verfahrenstechnik","potentialAction":[{"@type":"SearchAction","target":{"@type":"EntryPoint","urlTemplate":"https:\/\/kunzel.de\/?s={search_term_string}"},"query-input":{"@type":"PropertyValueSpecification","valueRequired":true,"valueName":"search_term_string"}}],"inLanguage":"de"}]}},"_links":{"self":[{"href":"https:\/\/kunzel.de\/de\/wp-json\/wp\/v2\/pages\/3646","targetHints":{"allow":["GET"]}}],"collection":[{"href":"https:\/\/kunzel.de\/de\/wp-json\/wp\/v2\/pages"}],"about":[{"href":"https:\/\/kunzel.de\/de\/wp-json\/wp\/v2\/types\/page"}],"author":[{"embeddable":true,"href":"https:\/\/kunzel.de\/de\/wp-json\/wp\/v2\/users\/1"}],"replies":[{"embeddable":true,"href":"https:\/\/kunzel.de\/de\/wp-json\/wp\/v2\/comments?post=3646"}],"version-history":[{"count":5,"href":"https:\/\/kunzel.de\/de\/wp-json\/wp\/v2\/pages\/3646\/revisions"}],"predecessor-version":[{"id":8672,"href":"https:\/\/kunzel.de\/de\/wp-json\/wp\/v2\/pages\/3646\/revisions\/8672"}],"wp:featuredmedia":[{"embeddable":true,"href":"https:\/\/kunzel.de\/de\/wp-json\/wp\/v2\/media\/7257"}],"wp:attachment":[{"href":"https:\/\/kunzel.de\/de\/wp-json\/wp\/v2\/media?parent=3646"}],"curies":[{"name":"wp","href":"https:\/\/api.w.org\/{rel}","templated":true}]}}