{"id":3521,"date":"2023-09-07T21:13:34","date_gmt":"2023-09-07T20:13:34","guid":{"rendered":"http:\/\/kunzel.de\/?page_id=3521"},"modified":"2025-08-29T13:37:32","modified_gmt":"2025-08-29T12:37:32","slug":"group-structure","status":"publish","type":"page","link":"https:\/\/kunzel.de\/de\/group-structure\/","title":{"rendered":"Gruppenstruktur"},"content":{"rendered":"<div class=\"wp-block-group\"><div class=\"wp-block-group__inner-container is-layout-constrained wp-block-group-is-layout-constrained\">\n<div class=\"wp-block-group container\"><div class=\"wp-block-group__inner-container is-layout-constrained wp-block-group-is-layout-constrained\">\n<div class=\"wp-block-columns is-layout-flex wp-container-core-columns-is-layout-9d6595d7 wp-block-columns-is-layout-flex\">\n<div class=\"wp-block-column is-layout-flow wp-block-column-is-layout-flow\" style=\"flex-basis:10%\"><\/div>\n\n\n\n<div class=\"wp-block-column is-layout-flow wp-block-column-is-layout-flow\" style=\"flex-basis:80%\">\n<h2 class=\"wp-block-heading small-margin has-theme-secondary-color has-text-color\">Engagement f\u00fcr Rechenschaftspflicht und Transparenz<\/h2>\n\n\n\n<div style=\"height:20px\" aria-hidden=\"true\" class=\"wp-block-spacer\"><\/div>\n\n\n\n<h4 class=\"wp-block-heading\">Unser Ziel ist es, das Vertrauensverh\u00e4ltnis zu unseren Stakeholdern, zu denen Mitarbeiter, Kunden, Lieferanten und die Gesellschaft geh\u00f6ren, kontinuierlich zu verbessern.<\/h4>\n<\/div>\n\n\n\n<div class=\"wp-block-column is-layout-flow wp-block-column-is-layout-flow\" style=\"flex-basis:10%\"><\/div>\n<\/div>\n<\/div><\/div>\n<\/div><\/div>\n\n\n\n<section class=\"block company-structure\">\n                <div class=\"container diagram-container\">\n                    <div class=\"cs-diagram-outer\">\n                        <div class=\"cs-diagram diagram-1\">\n                            <div class=\"col one animate-on-view\">\n                                <div class=\"title-container\">\n                                    <h3 class=\"title animate-on-view delay-1\"><strong>Vorstand<\/strong><\/h3>\n                                <\/div>\n                                <div class=\"arrow down\">\n                                    <div class=\"arrow-inner animate-on-view delay-2\">\n                                        <div class=\"arrow-end\"><\/div>\n                                    <\/div>\n                                <\/div>\n                                <div class=\"floating-arrow-end\"><\/div>\n                                <div class=\"title-container animate-on-view delay-3\">\n                                    <h3 class=\"title animate-on-view\">Executive Management Board<\/h3>\n                                <\/div>\n                                <div class=\"arrow down\">\n                                    <div class=\"arrow-inner animate-on-view delay-4\">\n                                    <\/div>\n                                <\/div>\n                            <\/div>\n                            <div class=\"col two animate-on-view\">\n                                <div class=\"inner-col\">\n                                    <div class=\"arrow down\">\n                                        <div class=\"arrow-inner animate-on-view delay-5\">\n                                            <div class=\"arrow-end\"><\/div>\n                                        <\/div>\n                                    <\/div>\n                                    <div class=\"title-container lower animate-on-view delay-6\">\n                                        <h3 class=\"title animate-on-view\">Globale Unternehmen<\/h3>\n                                    <\/div>\n                                <\/div>\n                                <div class=\"inner-col\">\n                                    <div class=\"arrow down\">\n                                        <div class=\"arrow-inner animate-on-view delay-7\">\n                                            <div class=\"arrow-end\"><\/div>\n                                        <\/div>\n                                    <\/div>\n                                    <div class=\"title-container lower animate-on-view delay-8\">\n                                        <h3 class=\"title animate-on-view\">Gesch\u00e4ftliche Funktionen<\/h3>\n                                    <\/div>\n                                <\/div>\n                                <div class=\"inner-col\">\n                                    <div class=\"arrow down\">\n                                        <div class=\"arrow-inner animate-on-view delay-9\">\n                                            <div class=\"arrow-end\"><\/div>\n                                        <\/div>\n                                    <\/div>\n                                    <div class=\"title-container lower animate-on-view delay-10\">\n                                        <h3 class=\"title animate-on-view\">Zentrale Funktionen<\/h3>\n                                    <\/div>\n                                <\/div>\n                            <\/div>\n                        <\/div>\n                    <\/div>\n                <\/div>\n            <\/section>\n\n\n\n<div style=\"height:40px\" aria-hidden=\"true\" class=\"wp-block-spacer\"><\/div>\n\n\n\n<div class=\"wp-block-group\"><div class=\"wp-block-group__inner-container is-layout-constrained wp-block-group-is-layout-constrained\">\n<div class=\"wp-block-group container\"><div class=\"wp-block-group__inner-container is-layout-constrained wp-block-group-is-layout-constrained\">\n<div class=\"wp-block-columns is-layout-flex wp-container-core-columns-is-layout-9d6595d7 wp-block-columns-is-layout-flex\">\n<div class=\"wp-block-column is-layout-flow wp-block-column-is-layout-flow\" style=\"flex-basis:10%\"><\/div>\n\n\n\n<div class=\"wp-block-column is-layout-flow wp-block-column-is-layout-flow\" style=\"flex-basis:80%\">\n<h3 class=\"wp-block-heading small-margin has-theme-secondary-color has-text-color\">CLPT Board of Directors<\/h3>\n\n\n\n<p>Das CLPT Board of Directors besteht aus sieben erfahrenen Fachleuten aus den Bereichen Wirtschaft, Finanzen und Compliance. Sie beaufsichtigen nicht nur die Gesch\u00e4ftsaktivit\u00e4ten, sondern haben auch ein wachsames Auge auf das Risikomanagement, die Unternehmensstrategie und die Beziehungen des Unternehmens zu den Shareholdern. Sie gew\u00e4hrleisten und sichern unsere Integrit\u00e4t in Bezug auf Reporting und Compliance.<\/p>\n\n\n\n<div style=\"height:25px\" aria-hidden=\"true\" class=\"wp-block-spacer\"><\/div>\n\n\n\n<h3 class=\"wp-block-heading small-margin has-theme-secondary-color has-text-color\">Executive Management Board<\/h3>\n\n\n\n<p>Unser Executive Management Board legt die Ziele, die Strategie und die Richtlinien der CLPT fest und regelt die allgemeinen Angelegenheiten. Sie unterst\u00fctzen und bef\u00e4higen die Managementteams unserer weltweit t\u00e4tigen Unternehmen, leiten und f\u00f6rdern die unternehmens\u00fcbergreifende Zusammenarbeit durch zugewiesene Gesch\u00e4ftsfunktionen und werden von den Unternehmensfunktionen unterst\u00fctzt. Die Executive Management Boards bestehen aus vier Mitgliedern, die von drei weiteren Mitgliedern unterst\u00fctzt werden. Herr Klaus Gehrig agiert hierbei als President, Herr Lars Roed als Vice President.<\/p>\n\n\n\n<div style=\"height:25px\" aria-hidden=\"true\" class=\"wp-block-spacer\"><\/div>\n\n\n\n<h3 class=\"wp-block-heading small-margin has-theme-secondary-color has-text-color\">CIMC Liquid Process Technologies (CLPT)<\/h3>\n\n\n\n<p>K\u00fcnzel ist Teil von CIMC Liquid Process Technologies (CLPT). CLPT ist eine dynamische Holding-Organisation, die ein vielf\u00e4ltiges Portfolio von Unternehmen zusammenf\u00fchrt, die im Bereich der Fl\u00fcssigkeitsverarbeitungstechnologien t\u00e4tig sind. CLPT unterst\u00fctzt und bef\u00e4higt lokale Managementteams und entwickelt gemeinsam Wachstumsstrategien. Jedes Unternehmen innerhalb der Gruppe beh\u00e4lt seine eigene Identit\u00e4t und bringt einzigartige Fachkenntnisse, Ressourcen und St\u00e4rken ein. Die Gruppe ist bestrebt, ihr Wissen zu teilen und zusammenzuarbeiten, um gemeinsame Ziele f\u00fcr einen gr\u00f6\u00dferen Erfolg auf den M\u00e4rkten, auf denen sie t\u00e4tig sind, zu erreichen. Als Gruppe verf\u00fcgen wir \u00fcber eine solide finanzielle Leistung und sind fest entschlossen, zu wachsen.<\/p>\n\n\n\n<div style=\"height:25px\" aria-hidden=\"true\" class=\"wp-block-spacer\"><\/div>\n\n\n\n<h3 class=\"wp-block-heading small-margin has-theme-secondary-color has-text-color\">Verhaltenskodex<\/h3>\n\n\n\n<p>Wir f\u00f6rdern ethisches Verhalten nach innen und au\u00dfen. Lesen Sie mehr \u00fcber unseren Verhaltenskodex.<\/p>\n\n\n\n<div class=\"wp-block-buttons is-layout-flex wp-block-buttons-is-layout-flex\">\n<div class=\"wp-block-button\"><a class=\"wp-block-button__link wp-element-button\" href=\"http:\/\/kunzel.de\/de\/code-of-conduct\/\">Verhaltenskodex<\/a><\/div>\n<\/div>\n<\/div>\n\n\n\n<div class=\"wp-block-column is-layout-flow wp-block-column-is-layout-flow\" style=\"flex-basis:10%\"><\/div>\n<\/div>\n\n\n\n<div style=\"height:40px\" aria-hidden=\"true\" class=\"wp-block-spacer\"><\/div>\n<\/div><\/div>\n<\/div><\/div>","protected":false},"excerpt":{"rendered":"<p>Unser Ziel ist es, das Vertrauensverh\u00e4ltnis zu unseren Stakeholdern, zu denen Mitarbeiter, Kunden, Lieferanten, Aktion\u00e4re und die Gesellschaft geh\u00f6ren, kontinuierlich zu verbessern. [...]<\/p>","protected":false},"author":1,"featured_media":7274,"parent":0,"menu_order":0,"comment_status":"closed","ping_status":"closed","template":"templates\/company-structure.php","meta":{"footnotes":""},"class_list":["post-3521","page","type-page","status-publish","has-post-thumbnail","hentry"],"yoast_head":"<!-- This site is optimized with the Yoast SEO plugin v25.8 - https:\/\/yoast.com\/wordpress\/plugins\/seo\/ -->\n<title>Group Structure | K\u00fcnzel<\/title>\n<meta name=\"description\" content=\"Our group&#039;s goal is to improve trust with stakeholders, including our employees, customers, suppliers, shareholders and society.\" \/>\n<meta name=\"robots\" content=\"index, follow, max-snippet:-1, max-image-preview:large, max-video-preview:-1\" \/>\n<link rel=\"canonical\" href=\"https:\/\/kunzel.de\/de\/group-structure\/\" \/>\n<meta property=\"og:locale\" content=\"de_DE\" \/>\n<meta property=\"og:type\" content=\"article\" \/>\n<meta property=\"og:title\" content=\"Group Structure | K\u00fcnzel\" \/>\n<meta property=\"og:description\" content=\"Our group&#039;s goal is to improve trust with stakeholders, including our employees, customers, suppliers, shareholders and society.\" \/>\n<meta property=\"og:url\" content=\"https:\/\/kunzel.de\/de\/group-structure\/\" \/>\n<meta property=\"og:site_name\" content=\"K\u00fcnzel\" \/>\n<meta property=\"article:modified_time\" content=\"2025-08-29T12:37:32+00:00\" \/>\n<meta property=\"og:image\" content=\"https:\/\/kunzel.de\/wp-content\/uploads\/2025\/08\/SKI_210906-41.jpg\" \/>\n\t<meta property=\"og:image:width\" content=\"1932\" \/>\n\t<meta property=\"og:image:height\" content=\"1288\" \/>\n\t<meta property=\"og:image:type\" content=\"image\/jpeg\" \/>\n<meta name=\"twitter:card\" content=\"summary_large_image\" \/>\n<meta name=\"twitter:label1\" content=\"Gesch\u00e4tzte Lesezeit\" \/>\n\t<meta name=\"twitter:data1\" content=\"2\u00a0Minuten\" \/>\n<!-- \/ Yoast SEO plugin. -->","yoast_head_json":{"title":"Konzernstruktur | K\u00fcnzel","description":"Das Ziel unserer Gruppe ist es, das Vertrauen der Stakeholder, einschlie\u00dflich unserer Mitarbeiter, Kunden, Lieferanten, Aktion\u00e4re und der Gesellschaft, zu verbessern.","robots":{"index":"index","follow":"follow","max-snippet":"max-snippet:-1","max-image-preview":"max-image-preview:large","max-video-preview":"max-video-preview:-1"},"canonical":"https:\/\/kunzel.de\/de\/group-structure\/","og_locale":"de_DE","og_type":"article","og_title":"Group Structure | K\u00fcnzel","og_description":"Our group's goal is to improve trust with stakeholders, including our employees, customers, suppliers, shareholders and society.","og_url":"https:\/\/kunzel.de\/de\/group-structure\/","og_site_name":"K\u00fcnzel","article_modified_time":"2025-08-29T12:37:32+00:00","og_image":[{"width":1932,"height":1288,"url":"https:\/\/kunzel.de\/wp-content\/uploads\/2025\/08\/SKI_210906-41.jpg","type":"image\/jpeg"}],"twitter_card":"summary_large_image","twitter_misc":{"Gesch\u00e4tzte Lesezeit":"2\u00a0Minuten"},"schema":{"@context":"https:\/\/schema.org","@graph":[{"@type":"WebPage","@id":"https:\/\/kunzel.de\/group-structure\/","url":"https:\/\/kunzel.de\/group-structure\/","name":"Konzernstruktur | K\u00fcnzel","isPartOf":{"@id":"https:\/\/kunzel.de\/#website"},"primaryImageOfPage":{"@id":"https:\/\/kunzel.de\/group-structure\/#primaryimage"},"image":{"@id":"https:\/\/kunzel.de\/group-structure\/#primaryimage"},"thumbnailUrl":"https:\/\/kunzel.de\/wp-content\/uploads\/2025\/08\/SKI_210906-41.jpg","datePublished":"2023-09-07T20:13:34+00:00","dateModified":"2025-08-29T12:37:32+00:00","description":"Das Ziel unserer Gruppe ist es, das Vertrauen der Stakeholder, einschlie\u00dflich unserer Mitarbeiter, Kunden, Lieferanten, Aktion\u00e4re und der Gesellschaft, zu verbessern.","breadcrumb":{"@id":"https:\/\/kunzel.de\/group-structure\/#breadcrumb"},"inLanguage":"de","potentialAction":[{"@type":"ReadAction","target":["https:\/\/kunzel.de\/group-structure\/"]}]},{"@type":"ImageObject","inLanguage":"de","@id":"https:\/\/kunzel.de\/group-structure\/#primaryimage","url":"https:\/\/kunzel.de\/wp-content\/uploads\/2025\/08\/SKI_210906-41.jpg","contentUrl":"https:\/\/kunzel.de\/wp-content\/uploads\/2025\/08\/SKI_210906-41.jpg","width":1932,"height":1288,"caption":"brewing equipment"},{"@type":"BreadcrumbList","@id":"https:\/\/kunzel.de\/group-structure\/#breadcrumb","itemListElement":[{"@type":"ListItem","position":1,"name":"Home","item":"https:\/\/kunzel.de\/"},{"@type":"ListItem","position":2,"name":"Group Structure"}]},{"@type":"WebSite","@id":"https:\/\/kunzel.de\/#website","url":"https:\/\/kunzel.de\/","name":"K\u00fcnzel","description":"Weltweit f\u00fchrende Unternehmen der Verfahrenstechnik","potentialAction":[{"@type":"SearchAction","target":{"@type":"EntryPoint","urlTemplate":"https:\/\/kunzel.de\/?s={search_term_string}"},"query-input":{"@type":"PropertyValueSpecification","valueRequired":true,"valueName":"search_term_string"}}],"inLanguage":"de"}]}},"_links":{"self":[{"href":"https:\/\/kunzel.de\/de\/wp-json\/wp\/v2\/pages\/3521","targetHints":{"allow":["GET"]}}],"collection":[{"href":"https:\/\/kunzel.de\/de\/wp-json\/wp\/v2\/pages"}],"about":[{"href":"https:\/\/kunzel.de\/de\/wp-json\/wp\/v2\/types\/page"}],"author":[{"embeddable":true,"href":"https:\/\/kunzel.de\/de\/wp-json\/wp\/v2\/users\/1"}],"replies":[{"embeddable":true,"href":"https:\/\/kunzel.de\/de\/wp-json\/wp\/v2\/comments?post=3521"}],"version-history":[{"count":0,"href":"https:\/\/kunzel.de\/de\/wp-json\/wp\/v2\/pages\/3521\/revisions"}],"wp:featuredmedia":[{"embeddable":true,"href":"https:\/\/kunzel.de\/de\/wp-json\/wp\/v2\/media\/7274"}],"wp:attachment":[{"href":"https:\/\/kunzel.de\/de\/wp-json\/wp\/v2\/media?parent=3521"}],"curies":[{"name":"wp","href":"https:\/\/api.w.org\/{rel}","templated":true}]}}