{"id":3060,"date":"2023-08-17T17:08:08","date_gmt":"2023-08-17T16:08:08","guid":{"rendered":"http:\/\/kunzel.de\/?page_id=3060"},"modified":"2025-08-28T11:44:08","modified_gmt":"2025-08-28T10:44:08","slug":"terms-of-use","status":"publish","type":"page","link":"https:\/\/kunzel.de\/de\/terms-of-use\/","title":{"rendered":"Nutzungsbedingungen"},"content":{"rendered":"<section class=\"wp-block-group\"><div class=\"wp-block-group__inner-container is-layout-constrained wp-block-group-is-layout-constrained\">\n<div class=\"wp-block-group\"><div class=\"wp-block-group__inner-container is-layout-constrained wp-block-group-is-layout-constrained\">\n<div class=\"wp-block-columns is-layout-flex wp-container-core-columns-is-layout-9d6595d7 wp-block-columns-is-layout-flex\">\n<div class=\"wp-block-column is-layout-flow wp-block-column-is-layout-flow\" style=\"flex-basis:66.66%\">\n<p>Der Zugang zu und die Nutzung dieser Website wird von K\u00fcnzel unter den folgenden Bedingungen zur Verf\u00fcgung gestellt. Bitte lesen Sie diese Bedingungen sorgf\u00e4ltig durch. Sie sind wichtig. \"Wir\" und \"uns\" bedeutet K\u00fcnzel, seine verbundenen Unternehmen oder die Muttergesellschaft CIMC Enric Tanks &amp; Process B.V. und \"Sie\" bedeutet der Benutzer (\"Benutzer\").<\/p>\n\n\n\n<div style=\"height:20px\" aria-hidden=\"true\" class=\"wp-block-spacer\"><\/div>\n<\/div>\n\n\n\n<div class=\"wp-block-column is-layout-flow wp-block-column-is-layout-flow\" style=\"flex-basis:33.33%\"><\/div>\n<\/div>\n\n\n\n<div class=\"wp-block-columns gap-100 is-layout-flex wp-container-core-columns-is-layout-9d6595d7 wp-block-columns-is-layout-flex\">\n<div class=\"wp-block-column is-layout-flow wp-block-column-is-layout-flow\">\n<p>Alle Informationen und Daten werden ausschlie\u00dflich zu Informationszwecken bereitgestellt und sind urheberrechtlich gesch\u00fctzt. Kein Teil dieser Website darf ohne vorherige schriftliche Genehmigung von K\u00fcnzel, dem Inhaber des Urheberrechts, auf irgendeine Art und Weise, sei es elektronisch, mechanisch (einschlie\u00dflich Fotokopie), durch Aufzeichnung oder durch ein Informationsspeicher- und -abrufsystem, vervielf\u00e4ltigt oder \u00fcbertragen werden. Die K\u00fcnzel Website wird von K\u00fcnzel ver\u00f6ffentlicht und gepflegt.<\/p>\n\n\n\n<p>Diese Website kann Links zu externen Websites enthalten. K\u00fcnzel ist nicht verantwortlich f\u00fcr den Inhalt dieser Seiten und hat keine Kontrolle \u00fcber diesen. Die Informationen, die auf dieser Website oder \u00fcber Hypertext-Links von dieser Website aus zug\u00e4nglich sind, werden ohne Verantwortung von K\u00fcnzel zur Verf\u00fcgung gestellt. K\u00fcnzel lehnt jegliche Verantwortung und Haftung (einschlie\u00dflich Fahrl\u00e4ssigkeit) in Bezug auf Informationen ab, die direkt oder indirekt von dieser Website stammen oder \u00fcber sie zug\u00e4nglich sind.<\/p>\n\n\n\n<p>Mit dem Zugriff auf diese Website erkl\u00e4ren Sie sich damit einverstanden, das auf dieser Website bereitgestellte Material (\"Material\") nicht zu kopieren, zu reproduzieren, zu speichern, zu verteilen, neu zu ver\u00f6ffentlichen, herunterzuladen, auszustellen, \u00f6ffentlich vorzuf\u00fchren, zu posten oder in irgendeiner Form oder mit irgendwelchen Mitteln zu \u00fcbertragen. Ausnahmsweise d\u00fcrfen Sie eine Kopie eines Teils des Materials f\u00fcr Ihren pers\u00f6nlichen, nicht-kommerziellen Gebrauch ausdrucken, vorausgesetzt, Sie ver\u00e4ndern es nicht und entfernen keine Urheberrechts- oder Eigentumsvermerke und geben K\u00fcnzel als Quelle an.<\/p>\n\n\n\n<p>Sie d\u00fcrfen keine Links zu irgendeinem Teil der Website erstellen, und Sie d\u00fcrfen nur dann Links zur Homepage erstellen, wenn diese von K\u00fcnzel genehmigt worden sind. Ihre Erlaubnis zur Nutzung der Website erlischt automatisch, wenn Sie gegen eine der Bedingungen versto\u00dfen, und in diesem Fall m\u00fcssen Sie unverz\u00fcglich alle direkt oder indirekt erstellten Kopien des Materials vernichten. Sie erkl\u00e4ren, garantieren und verpflichten sich, dass Sie nichts veranlassen oder zulassen werden, was die geistigen Eigentumsrechte von K\u00fcnzel verletzen oder besch\u00e4digen k\u00f6nnte. Durch die Nutzung dieser Website verpflichten Sie sich, K\u00fcnzel in vollem Umfang f\u00fcr alle Verluste oder Sch\u00e4den zu entsch\u00e4digen, die durch die Nutzung der Website durch den Nutzer verursacht werden.<\/p>\n<\/div>\n\n\n\n<div class=\"wp-block-column is-layout-flow wp-block-column-is-layout-flow\">\n<p>Die literarischen, k\u00fcnstlerischen und\/oder musikalischen Urheberrechte an den Materialien auf der Website sowie an Dateien, Grafiken, Ger\u00e4ten, Codes, Links und allen anderen Aspekten sind entweder unser Eigentum oder das eines Dritten, der eine Lizenz an uns vergeben hat. Alle Datenbankrechte an den Materialien f\u00fcr deren Auswahl oder Anordnung geh\u00f6ren ausschlie\u00dflich uns.<\/p>\n\n\n\n<p>Die auf dieser Website verwendeten und dargestellten Marken und Logos (\"Marken\") sind eingetragene (und nicht eingetragene) Marken von K\u00fcnzel und d\u00fcrfen ohne vorherige schriftliche Zustimmung des Markeninhabers nicht f\u00fcr Werbung oder andere Werbematerialien verwendet werden. Jede unbefugte Verwendung von Material auf dieser Website verst\u00f6\u00dft gegen das Urheberrecht und kann auch gegen das Markenrecht und die Gesetze zum Schutz der Privatsph\u00e4re versto\u00dfen.<\/p>\n\n\n\n<p>Wir k\u00f6nnen nicht sicher sein, dass das gesamte Material auf der Website zu jeder Zeit mit allen Gesetzen aller L\u00e4nder der Welt \u00fcbereinstimmt, und wir k\u00f6nnen Ihnen gegen\u00fcber keine Verantwortung f\u00fcr einen solchen Versto\u00df \u00fcbernehmen. Keine \u00c4nderung dieser Bedingungen au\u00dfer den von uns mitgeteilten \u00c4nderungen ist bindend, es sei denn, sie ist schriftlich und von uns unterzeichnet.<\/p>\n<\/div>\n<\/div>\n<\/div><\/div>\n<\/div><\/section>","protected":false},"excerpt":{"rendered":"<p>Access to and use of this site is provided by K\u00fcnzel, subject to the following terms and conditions. Please read these terms and conditions carefully. [&hellip;]<\/p>","protected":false},"author":1,"featured_media":0,"parent":0,"menu_order":0,"comment_status":"closed","ping_status":"closed","template":"templates\/simple-page.php","meta":{"footnotes":""},"class_list":["post-3060","page","type-page","status-publish","hentry"],"yoast_head":"<!-- This site is optimized with the Yoast SEO plugin v25.8 - https:\/\/yoast.com\/wordpress\/plugins\/seo\/ -->\n<title>Terms of Use | K\u00fcnzel<\/title>\n<meta name=\"description\" content=\"Please read our Terms of Use conditions carefully, outlining all the important rules and guidelines users must follow to access our website.\" \/>\n<meta name=\"robots\" content=\"index, follow, max-snippet:-1, max-image-preview:large, max-video-preview:-1\" \/>\n<link rel=\"canonical\" href=\"https:\/\/kunzel.de\/de\/terms-of-use\/\" \/>\n<meta property=\"og:locale\" content=\"de_DE\" \/>\n<meta property=\"og:type\" content=\"article\" \/>\n<meta property=\"og:title\" content=\"Terms of Use | K\u00fcnzel\" \/>\n<meta property=\"og:description\" content=\"Please read our Terms of Use conditions carefully, outlining all the important rules and guidelines users must follow to access our website.\" \/>\n<meta property=\"og:url\" content=\"https:\/\/kunzel.de\/de\/terms-of-use\/\" \/>\n<meta property=\"og:site_name\" content=\"K\u00fcnzel\" \/>\n<meta property=\"article:modified_time\" content=\"2025-08-28T10:44:08+00:00\" \/>\n<meta property=\"og:image\" content=\"https:\/\/kunzel.de\/wp-content\/uploads\/2023\/11\/Default-Site-Image.jpg\" \/>\n\t<meta property=\"og:image:width\" content=\"1200\" \/>\n\t<meta property=\"og:image:height\" content=\"675\" \/>\n\t<meta property=\"og:image:type\" content=\"image\/jpeg\" \/>\n<meta name=\"twitter:card\" content=\"summary_large_image\" \/>\n<meta name=\"twitter:label1\" content=\"Gesch\u00e4tzte Lesezeit\" \/>\n\t<meta name=\"twitter:data1\" content=\"3\u00a0Minuten\" \/>\n<!-- \/ Yoast SEO plugin. -->","yoast_head_json":{"title":"Terms of Use | K\u00fcnzel","description":"Please read our Terms of Use conditions carefully, outlining all the important rules and guidelines users must follow to access our website.","robots":{"index":"index","follow":"follow","max-snippet":"max-snippet:-1","max-image-preview":"max-image-preview:large","max-video-preview":"max-video-preview:-1"},"canonical":"https:\/\/kunzel.de\/de\/terms-of-use\/","og_locale":"de_DE","og_type":"article","og_title":"Terms of Use | K\u00fcnzel","og_description":"Please read our Terms of Use conditions carefully, outlining all the important rules and guidelines users must follow to access our website.","og_url":"https:\/\/kunzel.de\/de\/terms-of-use\/","og_site_name":"K\u00fcnzel","article_modified_time":"2025-08-28T10:44:08+00:00","og_image":[{"width":1200,"height":675,"url":"https:\/\/kunzel.de\/wp-content\/uploads\/2023\/11\/Default-Site-Image.jpg","type":"image\/jpeg"}],"twitter_card":"summary_large_image","twitter_misc":{"Gesch\u00e4tzte Lesezeit":"3\u00a0Minuten"},"schema":{"@context":"https:\/\/schema.org","@graph":[{"@type":"WebPage","@id":"https:\/\/kunzel.de\/terms-of-use\/","url":"https:\/\/kunzel.de\/terms-of-use\/","name":"Terms of Use | K\u00fcnzel","isPartOf":{"@id":"https:\/\/kunzel.de\/#website"},"datePublished":"2023-08-17T16:08:08+00:00","dateModified":"2025-08-28T10:44:08+00:00","description":"Please read our Terms of Use conditions carefully, outlining all the important rules and guidelines users must follow to access our website.","breadcrumb":{"@id":"https:\/\/kunzel.de\/terms-of-use\/#breadcrumb"},"inLanguage":"de","potentialAction":[{"@type":"ReadAction","target":["https:\/\/kunzel.de\/terms-of-use\/"]}]},{"@type":"BreadcrumbList","@id":"https:\/\/kunzel.de\/terms-of-use\/#breadcrumb","itemListElement":[{"@type":"ListItem","position":1,"name":"Home","item":"https:\/\/kunzel.de\/"},{"@type":"ListItem","position":2,"name":"Terms of Use"}]},{"@type":"WebSite","@id":"https:\/\/kunzel.de\/#website","url":"https:\/\/kunzel.de\/","name":"K\u00fcnzel","description":"Weltweit f\u00fchrende Unternehmen der Verfahrenstechnik","potentialAction":[{"@type":"SearchAction","target":{"@type":"EntryPoint","urlTemplate":"https:\/\/kunzel.de\/?s={search_term_string}"},"query-input":{"@type":"PropertyValueSpecification","valueRequired":true,"valueName":"search_term_string"}}],"inLanguage":"de"}]}},"_links":{"self":[{"href":"https:\/\/kunzel.de\/de\/wp-json\/wp\/v2\/pages\/3060","targetHints":{"allow":["GET"]}}],"collection":[{"href":"https:\/\/kunzel.de\/de\/wp-json\/wp\/v2\/pages"}],"about":[{"href":"https:\/\/kunzel.de\/de\/wp-json\/wp\/v2\/types\/page"}],"author":[{"embeddable":true,"href":"https:\/\/kunzel.de\/de\/wp-json\/wp\/v2\/users\/1"}],"replies":[{"embeddable":true,"href":"https:\/\/kunzel.de\/de\/wp-json\/wp\/v2\/comments?post=3060"}],"version-history":[{"count":0,"href":"https:\/\/kunzel.de\/de\/wp-json\/wp\/v2\/pages\/3060\/revisions"}],"wp:attachment":[{"href":"https:\/\/kunzel.de\/de\/wp-json\/wp\/v2\/media?parent=3060"}],"curies":[{"name":"wp","href":"https:\/\/api.w.org\/{rel}","templated":true}]}}